{"id":261,"date":"2017-09-19T10:34:48","date_gmt":"2017-09-19T10:34:48","guid":{"rendered":"http:\/\/www.stpairways.st\/contacts\/"},"modified":"2022-09-27T11:38:17","modified_gmt":"2022-09-27T11:38:17","slug":"contacts","status":"publish","type":"page","link":"https:\/\/www.stpairways.st\/en\/contacts\/","title":{"rendered":"Contacts"},"content":{"rendered":"<div class=\"wpb-content-wrapper\"><p>[vc_row][vc_column][vc_column_text]\n\t\t\t<!-- START EN Slider REVOLUTION SLIDER 6.7.38 --><p class=\"rs-p-wp-fix\"><\/p>\n\t\t\t<rs-module-wrap id=\"rev_slider_3_1_wrapper\" data-source=\"gallery\" style=\"visibility:hidden;background:transparent;padding:0;margin:0px auto;margin-top:0;margin-bottom:0;\">\n\t\t\t\t<rs-module id=\"rev_slider_3_1\" style=\"\" data-version=\"6.7.38\">\n\t\t\t\t\t<rs-slides style=\"overflow: hidden; position: absolute;\">\n\t\t\t\t\t\t<rs-slide style=\"position: absolute;\" data-key=\"rs-23\" data-title=\"21012021\" data-anim=\"adpr:false;ms:600;\" data-in=\"o:0;\" data-out=\"a:false;\">\n\t\t\t\t\t\t\t<img decoding=\"async\" src=\"\/\/www.stpairways.st\/wp-content\/plugins\/revslider\/sr6\/assets\/assets\/dummy.png\" alt=\"junho 2021\" title=\"stp_header_junho2021\" width=\"3280\" height=\"693\" class=\"rev-slidebg tp-rs-img rs-lazyload\" data-lazyload=\"\/\/www.stpairways.st\/wp-content\/plugins\/revslider\/sr6\/assets\/assets\/transparent.png\" data-parallax=\"off\" data-no-retina>\n<!--\n\t\t\t\t\t\t\t--><rs-layer\n\t\t\t\t\t\t\t\tid=\"slider-3-slide-23-layer-0\" \n\t\t\t\t\t\t\t\tdata-type=\"image\"\n\t\t\t\t\t\t\t\tdata-rsp_ch=\"on\"\n\t\t\t\t\t\t\t\tdata-xy=\"x:c;y:c;\"\n\t\t\t\t\t\t\t\tdata-text=\"w:normal;\"\n\t\t\t\t\t\t\t\tdata-dim=\"w:100%;h:100%;\"\n\t\t\t\t\t\t\t\tdata-basealign=\"slide\"\n\t\t\t\t\t\t\t\tdata-frame_999=\"o:0;st:w;\"\n\t\t\t\t\t\t\t\tstyle=\"z-index:5;\"\n\t\t\t\t\t\t\t><img decoding=\"async\" src=\"\/\/www.stpairways.st\/wp-content\/plugins\/revslider\/sr6\/assets\/assets\/dummy.png\" alt=\"junho 2021\" class=\"tp-rs-img rs-lazyload\" width=\"3280\" height=\"693\" data-lazyload=\"\/\/www.stpairways.st\/wp-content\/uploads\/2021\/06\/stp_header_junho2021.png\" data-c=\"cover-proportional\" data-no-retina> \n\t\t\t\t\t\t\t<\/rs-layer><!--\n-->\t\t\t\t\t<\/rs-slide>\n\t\t\t\t\t<\/rs-slides>\n\t\t\t\t<\/rs-module>\n\t\t\t\t<script>\n\t\t\t\t\tsetREVStartSize({c: 'rev_slider_3_1',rl:[1920,1366,800,480],el:[500],gw:[1240],gh:[500],type:'standard',justify:'',layout:'fullwidth',mh:\"0\"});if (window.RS_MODULES!==undefined && window.RS_MODULES.modules!==undefined && window.RS_MODULES.modules[\"revslider31\"]!==undefined) {window.RS_MODULES.modules[\"revslider31\"].once = false;window.revapi3 = undefined;if (window.RS_MODULES.checkMinimal!==undefined) window.RS_MODULES.checkMinimal()}\n\t\t\t\t<\/script>\n\t\t\t<\/rs-module-wrap>\n\t\t\t<!-- END REVOLUTION SLIDER -->\n[\/vc_column_text][\/vc_column][\/vc_row][vc_row][vc_column][vc_custom_heading text=&#8221;CONTACTS&#8221; font_container=&#8221;tag:h2|text_align:left|color:%2371ab71&#8243; google_fonts=&#8221;font_family:Roboto%3A100%2C100italic%2C300%2C300italic%2Cregular%2Citalic%2C500%2C500italic%2C700%2C700italic%2C900%2C900italic|font_style:400%20regular%3A400%3Anormal&#8221; css=&#8221;.vc_custom_1505832043949{margin-bottom: 30px !important;}&#8221;][\/vc_column][\/vc_row][vc_row][vc_column width=&#8221;1\/2&#8243;][vc_column_text]<strong>Portugal<\/strong><br \/>\nAv. Jo\u00e3o XXI, 11D<\/p>\n<p>1000 \u2013 298 Lisboa<\/p>\n<p>&nbsp;<\/p>\n<p><strong>Booking and Information in Portugal:<\/strong><\/p>\n<p>email:\u00a0<a href=\"mailto:reservationslis@stpairways.st\">reservationslis@stpairways.st<\/a><\/p>\n<p>&nbsp;<\/p>\n<p><strong>Store Working Hours:<\/strong><\/p>\n<p>From Monday to Friday &#8211; \u00a010AM to 1PM and 2PM to 5PM<\/p>\n<p>Tel: +351 218 437 040 *[\/vc_column_text][vc_column_text]<iframe loading=\"lazy\" style=\"border: 0;\" src=\"https:\/\/www.google.com\/maps\/embed?pb=!1m18!1m12!1m3!1d3111.935332277171!2d-9.138416983878578!3d38.7422461636783!2m3!1f0!2f0!3f0!3m2!1i1024!2i768!4f13.1!3m3!1m2!1s0xd1933a51e12b6e9%3A0xc23723a22cfdbdd6!2sSTP+Airways!5e0!3m2!1sen!2spt!4v1525646429763\" width=\"100%\" height=\"300\" frameborder=\"0\" allowfullscreen=\"allowfullscreen\"><\/iframe>[\/vc_column_text][\/vc_column][vc_column width=&#8221;1\/2&#8243;][vc_column_text]<strong>S\u00e3o Tom\u00e9 e Pr\u00edncipe<\/strong><\/p>\n<p>Avenida Marginal 12 de Julho, C.P. 45 \u2013 S\u00e3o Tom\u00e9<br \/>\nTel: + 239 222 11 60 *<\/p>\n<p>&nbsp;<\/p>\n<p><strong>Working hours:<\/strong><\/p>\n<p>Monday to Friday: 07:30AM to 4:30PM<\/p>\n<p>Saturdays: 9AM to 12PM[\/vc_column_text][vc_column_text]<iframe loading=\"lazy\" style=\"border: 0;\" src=\"https:\/\/www.google.com\/maps\/embed?pb=!1m18!1m12!1m3!1d3989.747976177234!2d6.732534015911015!3d0.340232464078986!2m3!1f0!2f0!3f0!3m2!1i1024!2i768!4f13.1!3m3!1m2!1s0x10766a646cdf143f%3A0x9c64a26d8d884060!2sSTP+Airways!5e0!3m2!1sen!2spt!4v1525646508712\" width=\"100%\" height=\"300\" frameborder=\"0\" allowfullscreen=\"allowfullscreen\"><\/iframe>[\/vc_column_text][\/vc_column][\/vc_row][vc_row margin_top=&#8221;30px&#8221;][vc_column][vc_column_text]<\/p>\n<h6>* &#8211; Cost of a call to the national fixed network. The cost of communications depends on the tariff agreed with your operator.<\/h6>\n<h6>** &#8211; The cost of the call is \u20ac0.11 in the first minute, if the call is made from a landline, or \u20ac0.16 from a mobile phone, always including VAT charged in the continental\u00a0territory.<\/h6>\n<p>[\/vc_column_text][\/vc_column][\/vc_row][vc_row margin_top=&#8221;30px&#8221;][vc_column][vc_custom_heading text=&#8221;DESTINATIONS&#8221; font_container=&#8221;tag:h2|text_align:left|color:%2371ab71&#8243; google_fonts=&#8221;font_family:Roboto%3A100%2C100italic%2C300%2C300italic%2Cregular%2Citalic%2C500%2C500italic%2C700%2C700italic%2C900%2C900italic|font_style:400%20regular%3A400%3Anormal&#8221; css=&#8221;.vc_custom_1505832550827{margin-bottom: 30px !important;}&#8221;][\/vc_column][\/vc_row][vc_row type=&#8221;vc_default&#8221; full_width=&#8221;stretch_row&#8221; content_placement=&#8221;middle&#8221; css=&#8221;.vc_custom_1505830855452{padding-top: 40px !important;padding-bottom: 40px !important;background-color: #fafafa !important;}&#8221;][vc_column width=&#8221;1\/2&#8243;][vc_single_image image=&#8221;291&#8243; img_size=&#8221;full&#8221; onclick=&#8221;custom_link&#8221; link=&#8221;\/en\/before-travel\/sao-tome-e-principe\/&#8221;][\/vc_column][vc_column width=&#8221;1\/2&#8243;][vc_single_image image=&#8221;290&#8243; img_size=&#8221;full&#8221; alignment=&#8221;right&#8221; onclick=&#8221;custom_link&#8221; link=&#8221;\/en\/antes-de-viajar\/destinos\/sao-tome-e-principe\/&#8221;][\/vc_column][\/vc_row]<\/p>\n<\/div>","protected":false},"excerpt":{"rendered":"<p>[vc_row][vc_column][vc_column_text][\/vc_column_text][\/vc_column][\/vc_row][vc_row][vc_column][vc_custom_heading text=&#8221;CONTACTS&#8221; font_container=&#8221;tag:h2|text_align:left|color:%2371ab71&#8243; google_fonts=&#8221;font_family:Roboto%3A100%2C100italic%2C300%2C300italic%2Cregular%2Citalic%2C500%2C500italic%2C700%2C700italic%2C900%2C900italic|font_style:400%20regular%3A400%3Anormal&#8221; css=&#8221;.vc_custom_1505832043949{margin-bottom: 30px !important;}&#8221;][\/vc_column][\/vc_row][vc_row][vc_column width=&#8221;1\/2&#8243;][vc_column_text]Portugal Av. Jo\u00e3o XXI, 11D 1000 \u2013 298 Lisboa &nbsp; Booking and Information in Portugal: email:\u00a0reservationslis@stpairways.st &nbsp; Store Working Hours: From Monday to Friday &#8211; \u00a010AM to 1PM and 2PM to 5PM Tel: +351 218 437 040 *[\/vc_column_text][vc_column_text][\/vc_column_text][\/vc_column][vc_column width=&#8221;1\/2&#8243;][vc_column_text]S\u00e3o Tom\u00e9 e Pr\u00edncipe Avenida Marginal 12 de Julho, C.P.&hellip;<\/p>\n","protected":false},"author":2,"featured_media":0,"parent":0,"menu_order":0,"comment_status":"closed","ping_status":"closed","template":"","meta":{"footnotes":""},"class_list":["post-261","page","type-page","status-publish","hentry","description-off"],"_links":{"self":[{"href":"https:\/\/www.stpairways.st\/en\/wp-json\/wp\/v2\/pages\/261","targetHints":{"allow":["GET"]}}],"collection":[{"href":"https:\/\/www.stpairways.st\/en\/wp-json\/wp\/v2\/pages"}],"about":[{"href":"https:\/\/www.stpairways.st\/en\/wp-json\/wp\/v2\/types\/page"}],"author":[{"embeddable":true,"href":"https:\/\/www.stpairways.st\/en\/wp-json\/wp\/v2\/users\/2"}],"replies":[{"embeddable":true,"href":"https:\/\/www.stpairways.st\/en\/wp-json\/wp\/v2\/comments?post=261"}],"version-history":[{"count":15,"href":"https:\/\/www.stpairways.st\/en\/wp-json\/wp\/v2\/pages\/261\/revisions"}],"predecessor-version":[{"id":912,"href":"https:\/\/www.stpairways.st\/en\/wp-json\/wp\/v2\/pages\/261\/revisions\/912"}],"wp:attachment":[{"href":"https:\/\/www.stpairways.st\/en\/wp-json\/wp\/v2\/media?parent=261"}],"curies":[{"name":"wp","href":"https:\/\/api.w.org\/{rel}","templated":true}]}}